{"id":57,"date":"2014-08-30T19:37:02","date_gmt":"2014-08-31T00:37:02","guid":{"rendered":"http:\/\/www.quebakan.com\/v15\/?page_id=57"},"modified":"2026-03-08T11:57:16","modified_gmt":"2026-03-08T16:57:16","slug":"nosotros","status":"publish","type":"page","link":"https:\/\/www.quebakan.com\/v15\/nosotros\/","title":{"rendered":"NOSOTROS"},"content":{"rendered":"<p style=\"text-align: justify;\"><span style=\"color: #000000;\"><strong><img fetchpriority=\"high\" decoding=\"async\" class=\"aligncenter wp-image-140571 \" src=\"https:\/\/www.quebakan.com\/v15\/wp-content\/uploads\/2026\/03\/logoquebakanrtron2025-e1772988988954.jpg\" alt=\"\" width=\"723\" height=\"620\" srcset=\"https:\/\/www.quebakan.com\/v15\/wp-content\/uploads\/2026\/03\/logoquebakanrtron2025-e1772988988954.jpg 1123w, https:\/\/www.quebakan.com\/v15\/wp-content\/uploads\/2026\/03\/logoquebakanrtron2025-e1772988988954-768x659.jpg 768w, https:\/\/www.quebakan.com\/v15\/wp-content\/uploads\/2026\/03\/logoquebakanrtron2025-e1772988988954-750x643.jpg 750w\" sizes=\"(max-width: 723px) 100vw, 723px\" \/><\/strong><\/span><\/p>\n<p>&nbsp;<\/p>\n<p style=\"text-align: justify;\"><span style=\"color: #000000;\"><strong>QUEBAKAN<\/strong> nace un 14 de abril del a\u00f1o 2004, cuando un grupo de j\u00f3venes se reun\u00eda en diferentes farras, luego de una conversaci\u00f3n se decidi\u00f3 en consulta de todos, crear una p\u00e1gina con un nombre original de ahi salieron frases t\u00edpicas de nuestra ciudad (Guayaquil), y el nombre QUEBACAN se estableci\u00f3, pero para hacerlo m\u00e1s ch\u00e9vere se lo adopt\u00f3 con la letra K.<\/span><\/p>\n<p><span style=\"color: #000000;\"><strong>HISTORIA -CRONOLOG\u00cdA<\/strong><\/span><\/p>\n<p style=\"text-align: justify;\"><span style=\"color: #000000;\"><strong>QUEBAKAN<\/strong> ya tiene m\u00e1s de 17 a\u00f1os de existencia en el internet dando a conocer los diferentes eventos a realizarse en la ciudad y en otras partes del Pa\u00eds. Se constituye como una peque\u00f1a empresa que ofrece servicios de fotos, P\u00e1ginas web, Activaciones, etc.\u2026<\/span><\/p>\n<p style=\"text-align: justify;\"><span style=\"color: #000000;\"><strong>2004: <\/strong>Dadas las circunstancias nos dimos a conocer completamente, cubriendo diferentes eventos, as\u00ed tambi\u00e9n aparecieron otras p\u00e1ginas web ya que la mayor\u00eda son p\u00e1ginas amigas y nunca los vimos como competencia. Empezamos en discotecas del norte como Fizz y Manggo Bar.<\/span><\/p>\n<p style=\"text-align: justify;\"><span style=\"color: #000000;\"><strong>2005:<\/strong> Lo terminamos muy bien, ya que muchos medios nos conocieron, realizamos la primera fiesta oficial Quebakan en Ossira Club y cubrimos conciertos muy interesantes.<\/span><\/p>\n<p style=\"text-align: justify;\"><span style=\"color: #000000;\"><strong>2006:<\/strong> Lo terminamos con pie derecho al ubicarnos entre las primeras 5 p\u00e1ginas m\u00e1s visitadas en la ciudad, celebramos nuestro 2do aniversario en la discoteca DIESSEL a la cual asistieron muchos amigos y amigas.<\/span><\/p>\n<p style=\"text-align: justify;\"><span style=\"color: #000000;\"><strong>2007:<\/strong> Termin\u00f3 lleno de muchos \u00e9xitos y proyectos a futuros, nos dimos a conocer ante toda la prensa en diferentes eventos realizados en el transcurso de los meses, quedamos entre las 3 primeras p\u00e1ginas web m\u00e1s visitadas del Ecuador.<\/span><\/p>\n<p style=\"text-align: justify;\"><span style=\"color: #000000;\"><strong>2008:<\/strong> Culmin\u00f3 ubic\u00e1ndonos entre las 4 p\u00e1ginas web m\u00e1s vistas del pa\u00eds, con secciones que gustaron a todos, con un dise\u00f1o totalmente renovando y continuando con las chicas Quebakan. Nuestro 4to. aniversario fue celebrado en Opalo Bar, otorg\u00e1ndonos un trofeo a la <strong>mejor p\u00e1gina web.<\/strong><\/span><\/p>\n<p style=\"text-align: justify;\"><span style=\"color: #000000;\"><strong>2009:<\/strong> Est\u00e1 lleno de expectativas ya que celebramos nuestros 5 a\u00f1os y lo festejamos con artistas invitados en la discoteca VAY\u00da, contamos con el apoyo de muchas artistas nacionales y nuestra imagen sigue siendo la modelo colombiana <strong>Adriana Torres<\/strong>, sin duda seguimos siendo los mejores.<\/span><\/p>\n<p style=\"text-align: justify;\"><span style=\"color: #000000;\"><strong>2010:<\/strong> Lo iniciamos con un dise\u00f1o totalmente renovado y desde ahora nuestra imagen oficial es la modelo ecuatoriana <strong>KARLA PEREZ GUERRA<\/strong> (Miss Reef 2009) quien ha tenido una destacada participaci\u00f3n en eventos, ferias, desfiles y activaciones.<\/span><\/p>\n<p style=\"text-align: justify;\"><span style=\"color: #000000;\"><strong>2011:<\/strong> Fue un a\u00f1o muy bueno ya que ingresaron 3 chicas Quebakan las cuales se han destacado en todo, adem\u00e1s Karla continua como imagen del sitio web.<\/span><\/p>\n<p style=\"text-align: justify;\"><span style=\"color: #000000;\"><strong>2012:<\/strong> Sin duda fue uno los mejores a\u00f1os ya que se dieron muchos eventos y conciertos importantes, aunque el puesto de la im\u00e1gen principal qued\u00f3 vacante.<\/span><\/p>\n<p style=\"text-align: justify;\"><span style=\"color: #000000;\"><strong>2013:<\/strong> Con el proyecto de las 12 chicas quebakan sigue en marcha promocionando la p\u00e1gina.<\/span><\/p>\n<p style=\"text-align: justify;\"><span style=\"color: #000000;\"><strong>2014:<\/strong> Los eventos contin\u00faan y celebramos los 10 a\u00f1os de existencia en el mes de abril.<\/span><\/p>\n<p style=\"text-align: justify;\"><span style=\"color: #000000;\"><strong>2015: <\/strong>Nos fortalecemos en eventos, conciertos y ruedas de prensa.<\/span><\/p>\n<p style=\"text-align: justify;\"><span style=\"color: #000000;\"><strong>2016: <\/strong>Es un a\u00f1o de renovaci\u00f3n ya que contamos con las mejores chicas quebakan, a su vez tambi\u00e9n nos ayudan en los diferentes reportajes.<\/span><\/p>\n<p style=\"text-align: justify;\"><span style=\"color: #000000;\"><strong>2017: <\/strong>Lanzamos programas <strong>ONLINE<\/strong> via Facebook como <strong>QUEBAKANTV<\/strong> todos los d\u00edas lunes a las 22h00 y <strong>MOVIEKAN<\/strong> donde pasamos los mejores animes y series retros que recuerdan los televidentes. Adem\u00e1s de seguir con las coberturas en los conciertos, ruedas de prensa, lanzamientos de productos, etc.<\/span><\/p>\n<p style=\"text-align: justify;\"><span style=\"color: #000000;\"><strong>2018:<\/strong> Es un a\u00f1o que llega con muchos cambios, nuevas caras, nuevas tem\u00e1ticas. <strong>QuebakanTV<\/strong> ahora cuenta con su propio sitio web <strong>www.quebakantv.com<\/strong>\u00a0 donde se muestran las entrevistas grabadas en las diferentes coberturas y conciertos.<\/span><\/p>\n<p style=\"text-align: justify;\"><span style=\"color: #000000;\"><strong>2019:<\/strong> Cumplimos 15 a\u00f1os. Seguimos reforzando a #QuebakanTV y esperamos cumplir los retos para este a\u00f1o.<\/span><\/p>\n<p style=\"text-align: justify;\"><span style=\"color: #000000;\"><strong>2020:<\/strong> Se lo inicia con una renovaci\u00f3n total y d\u00e1ndole prioridad a las grabaciones con #QuebakanTV. Se inicia el proyecto de #IPT (Internet para todos) que abarca todo lo referente a la tecnolog\u00eda y el segmento Exponiendo Infieles Plus. Lamentablemente debido a la pandemia algunos proyectos quedaron pospuestos hasta segunda orden.<\/span><\/p>\n<p style=\"text-align: justify;\"><span style=\"color: #000000;\"><strong>2021:<\/strong> Un a\u00f1o de retos, con un dise\u00f1o totalmente renovado, se aumentaron <strong>subcategor\u00edas<\/strong> en la secci\u00f3n <strong>NOTICIAS.<\/strong> Hemos destacado la secci\u00f3n de <strong>MODELOS<\/strong> donde puedes encontrar informaci\u00f3n de las chicas mas destacadas en Ecuador y el mundo. Debido a la pandemia , se prohiben la concentraci\u00f3n de eventos masivos, pero a\u00fan as\u00ed seguimos publicando noticias del medio local e internacional y retomamos <strong>#QuebakanTV<\/strong> con el formato original de presentar noticias, entrevistas y mucho mas.<\/span><\/p>\n<p><span style=\"color: #000000;\"><strong>2022:<\/strong> Un nuevo a\u00f1o ante restricciones por el que a\u00fan as\u00ed, nos ha permitido seguir informando d\u00eda a d\u00eda las mejores <strong>NOTICIAS<\/strong> de eventos, espect\u00e1culos, far\u00e1ndula y empresariales.<\/span><\/p>\n<p><span style=\"color: #000000;\"><strong>2023:<\/strong> Cumplimos 19 a\u00f1os, organizamos una peque\u00f1a reuni\u00f3n y el programa semanal QUEBAKANTV ahora es transmitido por <a style=\"color: #000000;\" href=\"https:\/\/makrodigitaltelevision.com\/\">www.makrodigitaltelevision.com<\/a><\/span><\/p>\n<p style=\"text-align: justify;\"><span style=\"color: #000000;\"><strong>2024:<\/strong> Lo hemos reforzado con mas contenido para QUEBAKANTV y para el canal de Youtube. Ahora el programa QUEBAKANTV se transmite todos los lunes a las 7pm (Hora de Ecuador) por makrodigitaltelevision.com<\/span><\/p>\n<p><strong>2025:<\/strong> El programa QUEBAKANTV estren\u00f3 nuevo horario (12h00) todos los d\u00edas lunes.<\/p>\n<p style=\"text-align: justify;\"><span style=\"color: #000000;\"><strong>ERICK VILLAFUERTE\u00a0\u2013 PROPIETARIO\/WEBMASTER<\/strong><\/span><\/p>\n<p><span style=\"color: #000000;\"><strong>STEFY GARRIDO &#8211; REPORTERA\/PRESENTADORA<\/strong><\/span><\/p>\n","protected":false},"excerpt":{"rendered":"<p>&nbsp; QUEBAKAN nace un 14 de abril del a\u00f1o 2004, cuando un grupo de j\u00f3venes se reun\u00eda en diferentes farras, luego de una conversaci\u00f3n se decidi\u00f3 en consulta de todos, crear una p\u00e1gina con un nombre original de ahi salieron frases t\u00edpicas de nuestra ciudad (Guayaquil), y el nombre QUEBACAN se estableci\u00f3, pero para hacerlo [&hellip;]<\/p>\n","protected":false},"author":2,"featured_media":0,"parent":0,"menu_order":0,"comment_status":"closed","ping_status":"closed","template":"","meta":{"_bbp_topic_count":0,"_bbp_reply_count":0,"_bbp_total_topic_count":0,"_bbp_total_reply_count":0,"_bbp_voice_count":0,"_bbp_anonymous_reply_count":0,"_bbp_topic_count_hidden":0,"_bbp_reply_count_hidden":0,"_bbp_forum_subforum_count":0,"footnotes":""},"class_list":["post-57","page","type-page","status-publish","hentry"],"yoast_head":"<!-- This site is optimized with the Yoast SEO plugin v27.5 - https:\/\/yoast.com\/product\/yoast-seo-wordpress\/ -->\n<title>NOSOTROS &#8211; QUEBAKAN.COM 2026: Noticias, Eventos, Conciertos y mucho m\u00e1s....<\/title>\n<meta name=\"robots\" content=\"index, follow, max-snippet:-1, max-image-preview:large, max-video-preview:-1\" \/>\n<link rel=\"canonical\" href=\"https:\/\/www.quebakan.com\/v15\/nosotros\/\" \/>\n<meta property=\"og:locale\" content=\"es_ES\" \/>\n<meta property=\"og:type\" content=\"article\" \/>\n<meta property=\"og:title\" content=\"NOSOTROS &#8211; QUEBAKAN.COM 2026: Noticias, Eventos, Conciertos y mucho m\u00e1s....\" \/>\n<meta property=\"og:description\" content=\"&nbsp; QUEBAKAN nace un 14 de abril del a\u00f1o 2004, cuando un grupo de j\u00f3venes se reun\u00eda en diferentes farras, luego de una conversaci\u00f3n se decidi\u00f3 en consulta de todos, crear una p\u00e1gina con un nombre original de ahi salieron frases t\u00edpicas de nuestra ciudad (Guayaquil), y el nombre QUEBACAN se estableci\u00f3, pero para hacerlo [&hellip;]\" \/>\n<meta property=\"og:url\" content=\"https:\/\/www.quebakan.com\/v15\/nosotros\/\" \/>\n<meta property=\"og:site_name\" content=\"QUEBAKAN.COM 2026: Noticias, Eventos, Conciertos y mucho m\u00e1s....\" \/>\n<meta property=\"article:publisher\" content=\"http:\/\/www.facebook.com\/quebakan\" \/>\n<meta property=\"article:modified_time\" content=\"2026-03-08T16:57:16+00:00\" \/>\n<meta property=\"og:image\" content=\"https:\/\/www.quebakan.com\/v15\/wp-content\/uploads\/2026\/03\/logoquebakanrtron2025-e1772988988954.jpg\" \/>\n\t<meta property=\"og:image:width\" content=\"1123\" \/>\n\t<meta property=\"og:image:height\" content=\"963\" \/>\n\t<meta property=\"og:image:type\" content=\"image\/jpeg\" \/>\n<meta name=\"twitter:card\" content=\"summary_large_image\" \/>\n<meta name=\"twitter:site\" content=\"@quebakanec\" \/>\n<meta name=\"twitter:label1\" content=\"Tiempo de lectura\" \/>\n\t<meta name=\"twitter:data1\" content=\"4 minutos\" \/>\n<script type=\"application\/ld+json\" class=\"yoast-schema-graph\">{\"@context\":\"https:\\\/\\\/schema.org\",\"@graph\":[{\"@type\":\"WebPage\",\"@id\":\"https:\\\/\\\/www.quebakan.com\\\/v15\\\/nosotros\\\/\",\"url\":\"https:\\\/\\\/www.quebakan.com\\\/v15\\\/nosotros\\\/\",\"name\":\"NOSOTROS &#8211; QUEBAKAN.COM 2026: Noticias, Eventos, Conciertos y mucho m\u00e1s....\",\"isPartOf\":{\"@id\":\"https:\\\/\\\/www.quebakan.com\\\/v15\\\/#website\"},\"primaryImageOfPage\":{\"@id\":\"https:\\\/\\\/www.quebakan.com\\\/v15\\\/nosotros\\\/#primaryimage\"},\"image\":{\"@id\":\"https:\\\/\\\/www.quebakan.com\\\/v15\\\/nosotros\\\/#primaryimage\"},\"thumbnailUrl\":\"https:\\\/\\\/www.quebakan.com\\\/v15\\\/wp-content\\\/uploads\\\/2026\\\/03\\\/logoquebakanrtron2025-e1772988988954.jpg\",\"datePublished\":\"2014-08-31T00:37:02+00:00\",\"dateModified\":\"2026-03-08T16:57:16+00:00\",\"breadcrumb\":{\"@id\":\"https:\\\/\\\/www.quebakan.com\\\/v15\\\/nosotros\\\/#breadcrumb\"},\"inLanguage\":\"es\",\"potentialAction\":[{\"@type\":\"ReadAction\",\"target\":[\"https:\\\/\\\/www.quebakan.com\\\/v15\\\/nosotros\\\/\"]}]},{\"@type\":\"ImageObject\",\"inLanguage\":\"es\",\"@id\":\"https:\\\/\\\/www.quebakan.com\\\/v15\\\/nosotros\\\/#primaryimage\",\"url\":\"https:\\\/\\\/www.quebakan.com\\\/v15\\\/wp-content\\\/uploads\\\/2026\\\/03\\\/logoquebakanrtron2025-e1772988988954.jpg\",\"contentUrl\":\"https:\\\/\\\/www.quebakan.com\\\/v15\\\/wp-content\\\/uploads\\\/2026\\\/03\\\/logoquebakanrtron2025-e1772988988954.jpg\",\"width\":1123,\"height\":963},{\"@type\":\"BreadcrumbList\",\"@id\":\"https:\\\/\\\/www.quebakan.com\\\/v15\\\/nosotros\\\/#breadcrumb\",\"itemListElement\":[{\"@type\":\"ListItem\",\"position\":1,\"name\":\"Portada\",\"item\":\"https:\\\/\\\/www.quebakan.com\\\/v15\\\/\"},{\"@type\":\"ListItem\",\"position\":2,\"name\":\"NOSOTROS\"}]},{\"@type\":\"WebSite\",\"@id\":\"https:\\\/\\\/www.quebakan.com\\\/v15\\\/#website\",\"url\":\"https:\\\/\\\/www.quebakan.com\\\/v15\\\/\",\"name\":\"QUEBAKAN\",\"description\":\"..\",\"publisher\":{\"@id\":\"https:\\\/\\\/www.quebakan.com\\\/v15\\\/#organization\"},\"potentialAction\":[{\"@type\":\"SearchAction\",\"target\":{\"@type\":\"EntryPoint\",\"urlTemplate\":\"https:\\\/\\\/www.quebakan.com\\\/v15\\\/?s={search_term_string}\"},\"query-input\":{\"@type\":\"PropertyValueSpecification\",\"valueRequired\":true,\"valueName\":\"search_term_string\"}}],\"inLanguage\":\"es\"},{\"@type\":\"Organization\",\"@id\":\"https:\\\/\\\/www.quebakan.com\\\/v15\\\/#organization\",\"name\":\"Quebakan.com\",\"url\":\"https:\\\/\\\/www.quebakan.com\\\/v15\\\/\",\"logo\":{\"@type\":\"ImageObject\",\"inLanguage\":\"es\",\"@id\":\"https:\\\/\\\/www.quebakan.com\\\/v15\\\/#\\\/schema\\\/logo\\\/image\\\/\",\"url\":\"https:\\\/\\\/www.quebakan.com\\\/v15\\\/wp-content\\\/uploads\\\/2023\\\/07\\\/logoquebakanenero2021.jpg\",\"contentUrl\":\"https:\\\/\\\/www.quebakan.com\\\/v15\\\/wp-content\\\/uploads\\\/2023\\\/07\\\/logoquebakanenero2021.jpg\",\"width\":1920,\"height\":1080,\"caption\":\"Quebakan.com\"},\"image\":{\"@id\":\"https:\\\/\\\/www.quebakan.com\\\/v15\\\/#\\\/schema\\\/logo\\\/image\\\/\"},\"sameAs\":[\"http:\\\/\\\/www.facebook.com\\\/quebakan\",\"https:\\\/\\\/x.com\\\/quebakanec\",\"http:\\\/\\\/www.instagram.com\\\/quebakan\",\"http:\\\/\\\/www.youtube.com\\\/quebakan1\"]}]}<\/script>\n<!-- \/ Yoast SEO plugin. -->","yoast_head_json":{"title":"NOSOTROS &#8211; QUEBAKAN.COM 2026: Noticias, Eventos, Conciertos y mucho m\u00e1s....","robots":{"index":"index","follow":"follow","max-snippet":"max-snippet:-1","max-image-preview":"max-image-preview:large","max-video-preview":"max-video-preview:-1"},"canonical":"https:\/\/www.quebakan.com\/v15\/nosotros\/","og_locale":"es_ES","og_type":"article","og_title":"NOSOTROS &#8211; QUEBAKAN.COM 2026: Noticias, Eventos, Conciertos y mucho m\u00e1s....","og_description":"&nbsp; QUEBAKAN nace un 14 de abril del a\u00f1o 2004, cuando un grupo de j\u00f3venes se reun\u00eda en diferentes farras, luego de una conversaci\u00f3n se decidi\u00f3 en consulta de todos, crear una p\u00e1gina con un nombre original de ahi salieron frases t\u00edpicas de nuestra ciudad (Guayaquil), y el nombre QUEBACAN se estableci\u00f3, pero para hacerlo [&hellip;]","og_url":"https:\/\/www.quebakan.com\/v15\/nosotros\/","og_site_name":"QUEBAKAN.COM 2026: Noticias, Eventos, Conciertos y mucho m\u00e1s....","article_publisher":"http:\/\/www.facebook.com\/quebakan","article_modified_time":"2026-03-08T16:57:16+00:00","og_image":[{"width":1123,"height":963,"url":"https:\/\/www.quebakan.com\/v15\/wp-content\/uploads\/2026\/03\/logoquebakanrtron2025-e1772988988954.jpg","type":"image\/jpeg"}],"twitter_card":"summary_large_image","twitter_site":"@quebakanec","twitter_misc":{"Tiempo de lectura":"4 minutos"},"schema":{"@context":"https:\/\/schema.org","@graph":[{"@type":"WebPage","@id":"https:\/\/www.quebakan.com\/v15\/nosotros\/","url":"https:\/\/www.quebakan.com\/v15\/nosotros\/","name":"NOSOTROS &#8211; QUEBAKAN.COM 2026: Noticias, Eventos, Conciertos y mucho m\u00e1s....","isPartOf":{"@id":"https:\/\/www.quebakan.com\/v15\/#website"},"primaryImageOfPage":{"@id":"https:\/\/www.quebakan.com\/v15\/nosotros\/#primaryimage"},"image":{"@id":"https:\/\/www.quebakan.com\/v15\/nosotros\/#primaryimage"},"thumbnailUrl":"https:\/\/www.quebakan.com\/v15\/wp-content\/uploads\/2026\/03\/logoquebakanrtron2025-e1772988988954.jpg","datePublished":"2014-08-31T00:37:02+00:00","dateModified":"2026-03-08T16:57:16+00:00","breadcrumb":{"@id":"https:\/\/www.quebakan.com\/v15\/nosotros\/#breadcrumb"},"inLanguage":"es","potentialAction":[{"@type":"ReadAction","target":["https:\/\/www.quebakan.com\/v15\/nosotros\/"]}]},{"@type":"ImageObject","inLanguage":"es","@id":"https:\/\/www.quebakan.com\/v15\/nosotros\/#primaryimage","url":"https:\/\/www.quebakan.com\/v15\/wp-content\/uploads\/2026\/03\/logoquebakanrtron2025-e1772988988954.jpg","contentUrl":"https:\/\/www.quebakan.com\/v15\/wp-content\/uploads\/2026\/03\/logoquebakanrtron2025-e1772988988954.jpg","width":1123,"height":963},{"@type":"BreadcrumbList","@id":"https:\/\/www.quebakan.com\/v15\/nosotros\/#breadcrumb","itemListElement":[{"@type":"ListItem","position":1,"name":"Portada","item":"https:\/\/www.quebakan.com\/v15\/"},{"@type":"ListItem","position":2,"name":"NOSOTROS"}]},{"@type":"WebSite","@id":"https:\/\/www.quebakan.com\/v15\/#website","url":"https:\/\/www.quebakan.com\/v15\/","name":"QUEBAKAN","description":"..","publisher":{"@id":"https:\/\/www.quebakan.com\/v15\/#organization"},"potentialAction":[{"@type":"SearchAction","target":{"@type":"EntryPoint","urlTemplate":"https:\/\/www.quebakan.com\/v15\/?s={search_term_string}"},"query-input":{"@type":"PropertyValueSpecification","valueRequired":true,"valueName":"search_term_string"}}],"inLanguage":"es"},{"@type":"Organization","@id":"https:\/\/www.quebakan.com\/v15\/#organization","name":"Quebakan.com","url":"https:\/\/www.quebakan.com\/v15\/","logo":{"@type":"ImageObject","inLanguage":"es","@id":"https:\/\/www.quebakan.com\/v15\/#\/schema\/logo\/image\/","url":"https:\/\/www.quebakan.com\/v15\/wp-content\/uploads\/2023\/07\/logoquebakanenero2021.jpg","contentUrl":"https:\/\/www.quebakan.com\/v15\/wp-content\/uploads\/2023\/07\/logoquebakanenero2021.jpg","width":1920,"height":1080,"caption":"Quebakan.com"},"image":{"@id":"https:\/\/www.quebakan.com\/v15\/#\/schema\/logo\/image\/"},"sameAs":["http:\/\/www.facebook.com\/quebakan","https:\/\/x.com\/quebakanec","http:\/\/www.instagram.com\/quebakan","http:\/\/www.youtube.com\/quebakan1"]}]}},"_links":{"self":[{"href":"https:\/\/www.quebakan.com\/v15\/wp-json\/wp\/v2\/pages\/57","targetHints":{"allow":["GET"]}}],"collection":[{"href":"https:\/\/www.quebakan.com\/v15\/wp-json\/wp\/v2\/pages"}],"about":[{"href":"https:\/\/www.quebakan.com\/v15\/wp-json\/wp\/v2\/types\/page"}],"author":[{"embeddable":true,"href":"https:\/\/www.quebakan.com\/v15\/wp-json\/wp\/v2\/users\/2"}],"replies":[{"embeddable":true,"href":"https:\/\/www.quebakan.com\/v15\/wp-json\/wp\/v2\/comments?post=57"}],"version-history":[{"count":7,"href":"https:\/\/www.quebakan.com\/v15\/wp-json\/wp\/v2\/pages\/57\/revisions"}],"predecessor-version":[{"id":140572,"href":"https:\/\/www.quebakan.com\/v15\/wp-json\/wp\/v2\/pages\/57\/revisions\/140572"}],"wp:attachment":[{"href":"https:\/\/www.quebakan.com\/v15\/wp-json\/wp\/v2\/media?parent=57"}],"curies":[{"name":"wp","href":"https:\/\/api.w.org\/{rel}","templated":true}]}}