{"id":8,"date":"2014-05-12T23:33:06","date_gmt":"2014-05-13T04:33:06","guid":{"rendered":"http:\/\/www.quebakan.com\/v15\/?page_id=8"},"modified":"2026-03-18T11:30:22","modified_gmt":"2026-03-18T16:30:22","slug":"contacto","status":"publish","type":"page","link":"https:\/\/www.quebakan.com\/v15\/contacto\/","title":{"rendered":"Contacto"},"content":{"rendered":"<p style=\"text-align: justify;\"><span style=\"color: #ff0000;\"><strong>CONTACTOS S\u00d3LO PARA PAUTAJE DE PUBLICIDAD EN QUEBAKAN (Aplica para todos los pa\u00edses)<\/strong><\/span><\/p>\n<p style=\"text-align: justify;\"><span style=\"color: #000000;\">Todo bolet\u00edn enviado por email es revisado para su respectiva publicaci\u00f3n. <strong>NO<\/strong> receptamos boletines v\u00eda WhatsApp, si existe alguna insistencia por un tema en general se requerir\u00e1 el pago previo para proceder con la respectiva publicaci\u00f3n. Si el boletin fue enviado por email no es necesario volverlo a enviar.<\/span><\/p>\n<p style=\"text-align: justify;\"><span style=\"color: #000000;\"><strong>GU\u00cdA DE TEMAS DE PUBLICACIONES QUE REQUIEREN PAGO PREVIO: <\/strong>Instituciones Bancarias, Seguros en general, Fundaciones, Organizaciones, Universidades, Entidades Educativas, Compa\u00f1ias, Productos Nutricionales, Temas Pol\u00edticos, entre otros similares.<\/span><\/p>\n<p><span style=\"color: #0000ff;\"><strong>NOTA: CUALQUIER SOLICITUD DE MODIFICACI\u00d3N DE UN BOLET\u00cdN PUBLICADO, TIENE UN COSTO DE $5<\/strong><\/span><\/p>\n<p style=\"text-align: justify;\"><span style=\"color: #000000;\"><strong>VALORES:\u00a0<\/strong><\/span><\/p>\n<p style=\"text-align: justify;\"><span style=\"color: #000000;\">Publicaci\u00f3n en Quebakan (Por el lapso de un a\u00f1o):<strong> $20<\/strong><\/span><\/p>\n<p style=\"text-align: justify;\"><span style=\"color: #000000;\">Publicaci\u00f3n en Quebakan con enlaces patrocinados (m\u00e1ximo 4 links): <strong>$40<\/strong><\/span><\/p>\n<p style=\"text-align: justify;\"><span style=\"color: #000000;\">Banner publicitario lateral <strong>$200<\/strong> (Mensual)<\/span><\/p>\n<p style=\"text-align: justify;\"><span style=\"color: #000000;\">Banner publicitario lateral\u00a0 <strong>$60<\/strong> (Semanal)<\/span><\/p>\n<p style=\"text-align: justify;\"><span style=\"color: #000000;\"><strong>Paquetes de menciones en redes sociales (Facebook, X e Instagram)<\/strong><\/span><\/p>\n<p style=\"text-align: justify;\"><span style=\"color: #000000;\">Publicidad en nuestras 3 redes sociales<strong> $100<\/strong> al mes (2 menciones semanales en cada red social)<\/span><\/p>\n<p style=\"text-align: justify;\"><span style=\"color: #000000;\">Publicidad en nuestras 3 redes sociales <strong>$25<\/strong> semanal (1 mencion en cada red social)\u00a0<\/span><\/p>\n<p style=\"text-align: justify;\"><span style=\"color: #000000;\"><strong>QUEBAKANTV se transmite todos los lunes a las 8pm (Hora de Ecuador) por https:\/\/makrodigitaltelevision.com\/<\/strong><\/span><\/p>\n<p><span style=\"color: #000000;\">Menci\u00f3n dentro de cualquier reportaje de QuebakanTV con claqueta: <strong>$40 (Pago \u00danico)<\/strong><\/span><\/p>\n<p style=\"text-align: justify;\"><span style=\"color: #000000;\"><span style=\"color: #ff0000;\"><strong>PAGOS:<\/strong><br \/>\n<\/span><strong>Para pagos dentro de Ecuador:<\/strong> Transferencia bancaria, efectivo o por Payphone (Valor final $5,30 con tarjeta de cr\u00e9dito\/d\u00e9bito).<br \/>\n<strong>Para pagos fuera de Ecuador:<\/strong> Paypal(+$3 adicionales de comisi\u00f3n), Airtm, Binance o Youtube (por medio de <strong>Super Gracias<\/strong> en los videos con tarjeta de cr\u00e9dito\/d\u00e9bito)<\/span><br \/>\n<span style=\"color: #000000;\"><strong>Paypal: <\/strong>erickdanilo@hotmail.com<strong><br \/>\n<\/strong><\/span><span style=\"color: #000000;\"><strong>Airtm:<\/strong> erickvillafuerte@gmail.com<\/span><\/p>\n<p style=\"text-align: justify;\"><span style=\"color: #000000;\"><span style=\"color: #ff0000;\"><strong>NOTA:<\/strong> <\/span>La informaci\u00f3n publicada en la secci\u00f3n <strong>NOTICIAS<\/strong> es informativa. Esta secci\u00f3n de CONTACTO es s\u00f3lo para solicitar informaci\u00f3n sobre publicidad <strong>PAGADA\u00a0<\/strong>en nuestra p\u00e1gina web. <strong>POR FAVOR NOSOTROS NO VENDEMOS PRODUCTOS MENCIONADOS EN LAS NOTICIAS.<\/strong><\/span><\/p>\n<p style=\"text-align: justify;\"><span style=\"color: #000000;\">Si desea que su marca aparezca dentro de nuestro sitio web, favor escribir al email detallando el servicio requerido.<\/span><\/p>\n<p style=\"text-align: justify;\"><span style=\"color: #ff0000;\"><strong>CONTACTO PRINCIPAL<\/strong><\/span><\/p>\n<p style=\"text-align: justify;\"><span style=\"color: #000000;\"><strong>Erick Villafuerte Jaramillo &#8211;\u00a0 Propietario<\/strong><\/span><\/p>\n<p style=\"text-align: justify;\"><span style=\"color: #000000;\"><strong>Emails:<\/strong><br \/>\nerickvillafuerte@quebakan.com (\u00danicamente para pautaje de publicidad, NO boletines)<br \/>\nerickvillafuerte@gmail.com \u2013 erickdanilo@hotmail.com (Para env\u00edo de boletines)<\/span><\/p>\n<p style=\"text-align: justify;\"><span style=\"color: #000000;\"><strong>Cel\/Whatsapp:<\/strong> +593993858450 (Tuenti)<\/span><\/p>\n<p style=\"text-align: justify;\"><span style=\"color: #000000;\"><strong>Telf:<\/strong> 4612869 (CNT)<\/span><\/p>\n<p style=\"text-align: justify;\"><!--cforms name=\"Contacto\"--><\/p>\n","protected":false},"excerpt":{"rendered":"<p>CONTACTOS S\u00d3LO PARA PAUTAJE DE PUBLICIDAD EN QUEBAKAN (Aplica para todos los pa\u00edses) Todo bolet\u00edn enviado por email es revisado para su respectiva publicaci\u00f3n. NO receptamos boletines v\u00eda WhatsApp, si existe alguna insistencia por un tema en general se requerir\u00e1 el pago previo para proceder con la respectiva publicaci\u00f3n. Si el boletin fue enviado por [&hellip;]<\/p>\n","protected":false},"author":1,"featured_media":0,"parent":0,"menu_order":0,"comment_status":"closed","ping_status":"closed","template":"","meta":{"_bbp_topic_count":0,"_bbp_reply_count":0,"_bbp_total_topic_count":0,"_bbp_total_reply_count":0,"_bbp_voice_count":0,"_bbp_anonymous_reply_count":0,"_bbp_topic_count_hidden":0,"_bbp_reply_count_hidden":0,"_bbp_forum_subforum_count":0,"footnotes":""},"class_list":["post-8","page","type-page","status-publish","hentry"],"yoast_head":"<!-- This site is optimized with the Yoast SEO plugin v27.3 - https:\/\/yoast.com\/product\/yoast-seo-wordpress\/ -->\n<title>Contacto &#8211; QUEBAKAN.COM 2026: Noticias, Eventos, Conciertos y mucho m\u00e1s....<\/title>\n<meta name=\"robots\" content=\"index, follow, max-snippet:-1, max-image-preview:large, max-video-preview:-1\" \/>\n<link rel=\"canonical\" href=\"https:\/\/www.quebakan.com\/v15\/contacto\/\" \/>\n<meta property=\"og:locale\" content=\"es_ES\" \/>\n<meta property=\"og:type\" content=\"article\" \/>\n<meta property=\"og:title\" content=\"Contacto &#8211; QUEBAKAN.COM 2026: Noticias, Eventos, Conciertos y mucho m\u00e1s....\" \/>\n<meta property=\"og:description\" content=\"CONTACTOS S\u00d3LO PARA PAUTAJE DE PUBLICIDAD EN QUEBAKAN (Aplica para todos los pa\u00edses) Todo bolet\u00edn enviado por email es revisado para su respectiva publicaci\u00f3n. NO receptamos boletines v\u00eda WhatsApp, si existe alguna insistencia por un tema en general se requerir\u00e1 el pago previo para proceder con la respectiva publicaci\u00f3n. Si el boletin fue enviado por [&hellip;]\" \/>\n<meta property=\"og:url\" content=\"https:\/\/www.quebakan.com\/v15\/contacto\/\" \/>\n<meta property=\"og:site_name\" content=\"QUEBAKAN.COM 2026: Noticias, Eventos, Conciertos y mucho m\u00e1s....\" \/>\n<meta property=\"article:publisher\" content=\"http:\/\/www.facebook.com\/quebakan\" \/>\n<meta property=\"article:modified_time\" content=\"2026-03-18T16:30:22+00:00\" \/>\n<meta name=\"twitter:card\" content=\"summary_large_image\" \/>\n<meta name=\"twitter:site\" content=\"@quebakanec\" \/>\n<meta name=\"twitter:label1\" content=\"Tiempo de lectura\" \/>\n\t<meta name=\"twitter:data1\" content=\"2 minutos\" \/>\n<script type=\"application\/ld+json\" class=\"yoast-schema-graph\">{\"@context\":\"https:\\\/\\\/schema.org\",\"@graph\":[{\"@type\":\"WebPage\",\"@id\":\"https:\\\/\\\/www.quebakan.com\\\/v15\\\/contacto\\\/\",\"url\":\"https:\\\/\\\/www.quebakan.com\\\/v15\\\/contacto\\\/\",\"name\":\"Contacto &#8211; QUEBAKAN.COM 2026: Noticias, Eventos, Conciertos y mucho m\u00e1s....\",\"isPartOf\":{\"@id\":\"https:\\\/\\\/www.quebakan.com\\\/v15\\\/#website\"},\"datePublished\":\"2014-05-13T04:33:06+00:00\",\"dateModified\":\"2026-03-18T16:30:22+00:00\",\"breadcrumb\":{\"@id\":\"https:\\\/\\\/www.quebakan.com\\\/v15\\\/contacto\\\/#breadcrumb\"},\"inLanguage\":\"es\",\"potentialAction\":[{\"@type\":\"ReadAction\",\"target\":[\"https:\\\/\\\/www.quebakan.com\\\/v15\\\/contacto\\\/\"]}]},{\"@type\":\"BreadcrumbList\",\"@id\":\"https:\\\/\\\/www.quebakan.com\\\/v15\\\/contacto\\\/#breadcrumb\",\"itemListElement\":[{\"@type\":\"ListItem\",\"position\":1,\"name\":\"Portada\",\"item\":\"https:\\\/\\\/www.quebakan.com\\\/v15\\\/\"},{\"@type\":\"ListItem\",\"position\":2,\"name\":\"Contacto\"}]},{\"@type\":\"WebSite\",\"@id\":\"https:\\\/\\\/www.quebakan.com\\\/v15\\\/#website\",\"url\":\"https:\\\/\\\/www.quebakan.com\\\/v15\\\/\",\"name\":\"QUEBAKAN\",\"description\":\"..\",\"publisher\":{\"@id\":\"https:\\\/\\\/www.quebakan.com\\\/v15\\\/#organization\"},\"potentialAction\":[{\"@type\":\"SearchAction\",\"target\":{\"@type\":\"EntryPoint\",\"urlTemplate\":\"https:\\\/\\\/www.quebakan.com\\\/v15\\\/?s={search_term_string}\"},\"query-input\":{\"@type\":\"PropertyValueSpecification\",\"valueRequired\":true,\"valueName\":\"search_term_string\"}}],\"inLanguage\":\"es\"},{\"@type\":\"Organization\",\"@id\":\"https:\\\/\\\/www.quebakan.com\\\/v15\\\/#organization\",\"name\":\"Quebakan.com\",\"url\":\"https:\\\/\\\/www.quebakan.com\\\/v15\\\/\",\"logo\":{\"@type\":\"ImageObject\",\"inLanguage\":\"es\",\"@id\":\"https:\\\/\\\/www.quebakan.com\\\/v15\\\/#\\\/schema\\\/logo\\\/image\\\/\",\"url\":\"https:\\\/\\\/www.quebakan.com\\\/v15\\\/wp-content\\\/uploads\\\/2023\\\/07\\\/logoquebakanenero2021.jpg\",\"contentUrl\":\"https:\\\/\\\/www.quebakan.com\\\/v15\\\/wp-content\\\/uploads\\\/2023\\\/07\\\/logoquebakanenero2021.jpg\",\"width\":1920,\"height\":1080,\"caption\":\"Quebakan.com\"},\"image\":{\"@id\":\"https:\\\/\\\/www.quebakan.com\\\/v15\\\/#\\\/schema\\\/logo\\\/image\\\/\"},\"sameAs\":[\"http:\\\/\\\/www.facebook.com\\\/quebakan\",\"https:\\\/\\\/x.com\\\/quebakanec\",\"http:\\\/\\\/www.instagram.com\\\/quebakan\",\"http:\\\/\\\/www.youtube.com\\\/quebakan1\"]}]}<\/script>\n<!-- \/ Yoast SEO plugin. -->","yoast_head_json":{"title":"Contacto &#8211; QUEBAKAN.COM 2026: Noticias, Eventos, Conciertos y mucho m\u00e1s....","robots":{"index":"index","follow":"follow","max-snippet":"max-snippet:-1","max-image-preview":"max-image-preview:large","max-video-preview":"max-video-preview:-1"},"canonical":"https:\/\/www.quebakan.com\/v15\/contacto\/","og_locale":"es_ES","og_type":"article","og_title":"Contacto &#8211; QUEBAKAN.COM 2026: Noticias, Eventos, Conciertos y mucho m\u00e1s....","og_description":"CONTACTOS S\u00d3LO PARA PAUTAJE DE PUBLICIDAD EN QUEBAKAN (Aplica para todos los pa\u00edses) Todo bolet\u00edn enviado por email es revisado para su respectiva publicaci\u00f3n. NO receptamos boletines v\u00eda WhatsApp, si existe alguna insistencia por un tema en general se requerir\u00e1 el pago previo para proceder con la respectiva publicaci\u00f3n. Si el boletin fue enviado por [&hellip;]","og_url":"https:\/\/www.quebakan.com\/v15\/contacto\/","og_site_name":"QUEBAKAN.COM 2026: Noticias, Eventos, Conciertos y mucho m\u00e1s....","article_publisher":"http:\/\/www.facebook.com\/quebakan","article_modified_time":"2026-03-18T16:30:22+00:00","twitter_card":"summary_large_image","twitter_site":"@quebakanec","twitter_misc":{"Tiempo de lectura":"2 minutos"},"schema":{"@context":"https:\/\/schema.org","@graph":[{"@type":"WebPage","@id":"https:\/\/www.quebakan.com\/v15\/contacto\/","url":"https:\/\/www.quebakan.com\/v15\/contacto\/","name":"Contacto &#8211; QUEBAKAN.COM 2026: Noticias, Eventos, Conciertos y mucho m\u00e1s....","isPartOf":{"@id":"https:\/\/www.quebakan.com\/v15\/#website"},"datePublished":"2014-05-13T04:33:06+00:00","dateModified":"2026-03-18T16:30:22+00:00","breadcrumb":{"@id":"https:\/\/www.quebakan.com\/v15\/contacto\/#breadcrumb"},"inLanguage":"es","potentialAction":[{"@type":"ReadAction","target":["https:\/\/www.quebakan.com\/v15\/contacto\/"]}]},{"@type":"BreadcrumbList","@id":"https:\/\/www.quebakan.com\/v15\/contacto\/#breadcrumb","itemListElement":[{"@type":"ListItem","position":1,"name":"Portada","item":"https:\/\/www.quebakan.com\/v15\/"},{"@type":"ListItem","position":2,"name":"Contacto"}]},{"@type":"WebSite","@id":"https:\/\/www.quebakan.com\/v15\/#website","url":"https:\/\/www.quebakan.com\/v15\/","name":"QUEBAKAN","description":"..","publisher":{"@id":"https:\/\/www.quebakan.com\/v15\/#organization"},"potentialAction":[{"@type":"SearchAction","target":{"@type":"EntryPoint","urlTemplate":"https:\/\/www.quebakan.com\/v15\/?s={search_term_string}"},"query-input":{"@type":"PropertyValueSpecification","valueRequired":true,"valueName":"search_term_string"}}],"inLanguage":"es"},{"@type":"Organization","@id":"https:\/\/www.quebakan.com\/v15\/#organization","name":"Quebakan.com","url":"https:\/\/www.quebakan.com\/v15\/","logo":{"@type":"ImageObject","inLanguage":"es","@id":"https:\/\/www.quebakan.com\/v15\/#\/schema\/logo\/image\/","url":"https:\/\/www.quebakan.com\/v15\/wp-content\/uploads\/2023\/07\/logoquebakanenero2021.jpg","contentUrl":"https:\/\/www.quebakan.com\/v15\/wp-content\/uploads\/2023\/07\/logoquebakanenero2021.jpg","width":1920,"height":1080,"caption":"Quebakan.com"},"image":{"@id":"https:\/\/www.quebakan.com\/v15\/#\/schema\/logo\/image\/"},"sameAs":["http:\/\/www.facebook.com\/quebakan","https:\/\/x.com\/quebakanec","http:\/\/www.instagram.com\/quebakan","http:\/\/www.youtube.com\/quebakan1"]}]}},"_links":{"self":[{"href":"https:\/\/www.quebakan.com\/v15\/wp-json\/wp\/v2\/pages\/8","targetHints":{"allow":["GET"]}}],"collection":[{"href":"https:\/\/www.quebakan.com\/v15\/wp-json\/wp\/v2\/pages"}],"about":[{"href":"https:\/\/www.quebakan.com\/v15\/wp-json\/wp\/v2\/types\/page"}],"author":[{"embeddable":true,"href":"https:\/\/www.quebakan.com\/v15\/wp-json\/wp\/v2\/users\/1"}],"replies":[{"embeddable":true,"href":"https:\/\/www.quebakan.com\/v15\/wp-json\/wp\/v2\/comments?post=8"}],"version-history":[{"count":7,"href":"https:\/\/www.quebakan.com\/v15\/wp-json\/wp\/v2\/pages\/8\/revisions"}],"predecessor-version":[{"id":140876,"href":"https:\/\/www.quebakan.com\/v15\/wp-json\/wp\/v2\/pages\/8\/revisions\/140876"}],"wp:attachment":[{"href":"https:\/\/www.quebakan.com\/v15\/wp-json\/wp\/v2\/media?parent=8"}],"curies":[{"name":"wp","href":"https:\/\/api.w.org\/{rel}","templated":true}]}}